{"id":20,"date":"2023-01-04T21:02:29","date_gmt":"2023-01-05T00:02:29","guid":{"rendered":"https:\/\/caminhoscomciencia.com\/?page_id=20"},"modified":"2023-01-04T21:02:29","modified_gmt":"2023-01-05T00:02:29","slug":"visao","status":"publish","type":"page","link":"https:\/\/caminhoscomciencia.com\/index.php\/visao\/","title":{"rendered":"Vis\u00e3o"},"content":{"rendered":"\n<p>Ser um empreendimento de refer\u00eancia, orientado para ofertar a todos os p\u00fablicos uma programa\u00e7\u00e3o plural e de excel\u00eancia que posicione a ci\u00eancia em lugar de destaque, onde todas as linguagens confluem e s\u00e3o compartilhadas, promovendo constantemente a inova\u00e7\u00e3o e difus\u00e3o do conhecimento, por meio da populariza\u00e7\u00e3o da ci\u00eancia, tecnologia, sociedade e ambiente (CTSA). <\/p>\n","protected":false},"excerpt":{"rendered":"<p>Ser um empreendimento de refer\u00eancia, orientado para ofertar a todos os p\u00fablicos uma programa\u00e7\u00e3o plural e de excel\u00eancia que posicione a ci\u00eancia em lugar de destaque, onde todas as linguagens confluem e s\u00e3o compartilhadas, promovendo constantemente a inova\u00e7\u00e3o e difus\u00e3o do conhecimento, por meio da populariza\u00e7\u00e3o da ci\u00eancia, tecnologia, sociedade e ambiente (CTSA).<\/p>\n","protected":false},"author":1,"featured_media":0,"parent":0,"menu_order":0,"comment_status":"closed","ping_status":"closed","template":"","meta":{"footnotes":""},"class_list":["post-20","page","type-page","status-publish","hentry"],"_links":{"self":[{"href":"https:\/\/caminhoscomciencia.com\/index.php\/wp-json\/wp\/v2\/pages\/20","targetHints":{"allow":["GET"]}}],"collection":[{"href":"https:\/\/caminhoscomciencia.com\/index.php\/wp-json\/wp\/v2\/pages"}],"about":[{"href":"https:\/\/caminhoscomciencia.com\/index.php\/wp-json\/wp\/v2\/types\/page"}],"author":[{"embeddable":true,"href":"https:\/\/caminhoscomciencia.com\/index.php\/wp-json\/wp\/v2\/users\/1"}],"replies":[{"embeddable":true,"href":"https:\/\/caminhoscomciencia.com\/index.php\/wp-json\/wp\/v2\/comments?post=20"}],"version-history":[{"count":1,"href":"https:\/\/caminhoscomciencia.com\/index.php\/wp-json\/wp\/v2\/pages\/20\/revisions"}],"predecessor-version":[{"id":21,"href":"https:\/\/caminhoscomciencia.com\/index.php\/wp-json\/wp\/v2\/pages\/20\/revisions\/21"}],"wp:attachment":[{"href":"https:\/\/caminhoscomciencia.com\/index.php\/wp-json\/wp\/v2\/media?parent=20"}],"curies":[{"name":"wp","href":"https:\/\/api.w.org\/{rel}","templated":true}]}}