{"id":22,"date":"2023-01-04T21:03:34","date_gmt":"2023-01-05T00:03:34","guid":{"rendered":"https:\/\/caminhoscomciencia.com\/?page_id=22"},"modified":"2023-01-10T21:29:10","modified_gmt":"2023-01-11T00:29:10","slug":"valores","status":"publish","type":"page","link":"https:\/\/caminhoscomciencia.com\/index.php\/valores\/","title":{"rendered":"Valores"},"content":{"rendered":"\n<p class=\"has-large-font-size\"><strong>Participa\u00e7\u00e3o | Pluralidade | \u00c9tica | Inova\u00e7\u00e3o | Excel\u00eancia | Equidade social |Universaliza\u00e7\u00e3o do acesso ao Conhecimento | Ci\u00eancia | Transversalidade | Responsabilidade Socioambiental | Tecnologia<\/strong><\/p>\n","protected":false},"excerpt":{"rendered":"<p>Participa\u00e7\u00e3o | Pluralidade | \u00c9tica | Inova\u00e7\u00e3o | Excel\u00eancia | Equidade social |Universaliza\u00e7\u00e3o do acesso ao Conhecimento | Ci\u00eancia | Transversalidade | Responsabilidade Socioambiental | Tecnologia<\/p>\n","protected":false},"author":1,"featured_media":0,"parent":0,"menu_order":0,"comment_status":"closed","ping_status":"closed","template":"","meta":{"footnotes":""},"class_list":["post-22","page","type-page","status-publish","hentry"],"_links":{"self":[{"href":"https:\/\/caminhoscomciencia.com\/index.php\/wp-json\/wp\/v2\/pages\/22","targetHints":{"allow":["GET"]}}],"collection":[{"href":"https:\/\/caminhoscomciencia.com\/index.php\/wp-json\/wp\/v2\/pages"}],"about":[{"href":"https:\/\/caminhoscomciencia.com\/index.php\/wp-json\/wp\/v2\/types\/page"}],"author":[{"embeddable":true,"href":"https:\/\/caminhoscomciencia.com\/index.php\/wp-json\/wp\/v2\/users\/1"}],"replies":[{"embeddable":true,"href":"https:\/\/caminhoscomciencia.com\/index.php\/wp-json\/wp\/v2\/comments?post=22"}],"version-history":[{"count":3,"href":"https:\/\/caminhoscomciencia.com\/index.php\/wp-json\/wp\/v2\/pages\/22\/revisions"}],"predecessor-version":[{"id":198,"href":"https:\/\/caminhoscomciencia.com\/index.php\/wp-json\/wp\/v2\/pages\/22\/revisions\/198"}],"wp:attachment":[{"href":"https:\/\/caminhoscomciencia.com\/index.php\/wp-json\/wp\/v2\/media?parent=22"}],"curies":[{"name":"wp","href":"https:\/\/api.w.org\/{rel}","templated":true}]}}