{"id":760,"date":"2023-05-04T08:02:57","date_gmt":"2023-05-04T11:02:57","guid":{"rendered":"https:\/\/caminhoscomciencia.com\/?page_id=760"},"modified":"2024-09-24T15:01:10","modified_gmt":"2024-09-24T18:01:10","slug":"assinatura-eletronica-verificada","status":"publish","type":"page","link":"https:\/\/caminhoscomciencia.com\/index.php\/assinatura-eletronica-verificada\/","title":{"rendered":"ASSINATURA ELETR\u00d4NICA VERIFICADA: JHONATAN DAVID SANTOS DAS NEVES"},"content":{"rendered":"\n<p>Documento assinado eletr\u00f4nicamente por: <strong>JHONATAN DAVID SANTOS DAS NEVES<\/strong>.<br>*INSTITUI\u00c7\u00c3O CERTIFICADORA: <strong>Caminhos com Ci\u00eancia<\/strong><br>*AUTENTICA\u00c7\u00c3O ELETR\u00d4NICA: <strong>Arquivo assinado em lotes<\/strong>.<\/p>\n","protected":false},"excerpt":{"rendered":"<p>Documento assinado eletr\u00f4nicamente por: JHONATAN DAVID SANTOS DAS NEVES.*INSTITUI\u00c7\u00c3O CERTIFICADORA: Caminhos com Ci\u00eancia*AUTENTICA\u00c7\u00c3O ELETR\u00d4NICA: Arquivo assinado em lotes.<\/p>\n","protected":false},"author":1,"featured_media":0,"parent":0,"menu_order":0,"comment_status":"closed","ping_status":"closed","template":"","meta":{"footnotes":""},"class_list":["post-760","page","type-page","status-publish","hentry"],"_links":{"self":[{"href":"https:\/\/caminhoscomciencia.com\/index.php\/wp-json\/wp\/v2\/pages\/760","targetHints":{"allow":["GET"]}}],"collection":[{"href":"https:\/\/caminhoscomciencia.com\/index.php\/wp-json\/wp\/v2\/pages"}],"about":[{"href":"https:\/\/caminhoscomciencia.com\/index.php\/wp-json\/wp\/v2\/types\/page"}],"author":[{"embeddable":true,"href":"https:\/\/caminhoscomciencia.com\/index.php\/wp-json\/wp\/v2\/users\/1"}],"replies":[{"embeddable":true,"href":"https:\/\/caminhoscomciencia.com\/index.php\/wp-json\/wp\/v2\/comments?post=760"}],"version-history":[{"count":3,"href":"https:\/\/caminhoscomciencia.com\/index.php\/wp-json\/wp\/v2\/pages\/760\/revisions"}],"predecessor-version":[{"id":787,"href":"https:\/\/caminhoscomciencia.com\/index.php\/wp-json\/wp\/v2\/pages\/760\/revisions\/787"}],"wp:attachment":[{"href":"https:\/\/caminhoscomciencia.com\/index.php\/wp-json\/wp\/v2\/media?parent=760"}],"curies":[{"name":"wp","href":"https:\/\/api.w.org\/{rel}","templated":true}]}}