{"id":773,"date":"2024-05-27T16:37:01","date_gmt":"2024-05-27T19:37:01","guid":{"rendered":"https:\/\/caminhoscomciencia.com\/?page_id=773"},"modified":"2024-05-27T16:37:01","modified_gmt":"2024-05-27T19:37:01","slug":"assinatura-eletronica-verificada-prefeitura-mun-de-penedo","status":"publish","type":"page","link":"https:\/\/caminhoscomciencia.com\/index.php\/assinatura-eletronica-verificada-prefeitura-mun-de-penedo\/","title":{"rendered":"ASSINATURA ELETR\u00d4NICA VERIFICADA: PREFEITURA MUN. DE PENEDO"},"content":{"rendered":"\n<p>Documento assinado eletr\u00f4nicamente por: <strong>RONALDO PEREIRA LOPES<\/strong>.<br>*INSTITUI\u00c7\u00c3O CERTIFICADORA: <strong>Caminhos com Ci\u00eancia<\/strong><br>*AUTENTICA\u00c7\u00c3O ELETR\u00d4NICA: <strong>PEN20240527.001AL<\/strong><\/p>\n\n\n\n<p>Assinatura distribu\u00edda em lotes.<\/p>\n","protected":false},"excerpt":{"rendered":"<p>Documento assinado eletr\u00f4nicamente por: RONALDO PEREIRA LOPES.*INSTITUI\u00c7\u00c3O CERTIFICADORA: Caminhos com Ci\u00eancia*AUTENTICA\u00c7\u00c3O ELETR\u00d4NICA: PEN20240527.001AL Assinatura distribu\u00edda em lotes.<\/p>\n","protected":false},"author":1,"featured_media":0,"parent":0,"menu_order":0,"comment_status":"closed","ping_status":"closed","template":"","meta":{"footnotes":""},"class_list":["post-773","page","type-page","status-publish","hentry"],"_links":{"self":[{"href":"https:\/\/caminhoscomciencia.com\/index.php\/wp-json\/wp\/v2\/pages\/773","targetHints":{"allow":["GET"]}}],"collection":[{"href":"https:\/\/caminhoscomciencia.com\/index.php\/wp-json\/wp\/v2\/pages"}],"about":[{"href":"https:\/\/caminhoscomciencia.com\/index.php\/wp-json\/wp\/v2\/types\/page"}],"author":[{"embeddable":true,"href":"https:\/\/caminhoscomciencia.com\/index.php\/wp-json\/wp\/v2\/users\/1"}],"replies":[{"embeddable":true,"href":"https:\/\/caminhoscomciencia.com\/index.php\/wp-json\/wp\/v2\/comments?post=773"}],"version-history":[{"count":1,"href":"https:\/\/caminhoscomciencia.com\/index.php\/wp-json\/wp\/v2\/pages\/773\/revisions"}],"predecessor-version":[{"id":774,"href":"https:\/\/caminhoscomciencia.com\/index.php\/wp-json\/wp\/v2\/pages\/773\/revisions\/774"}],"wp:attachment":[{"href":"https:\/\/caminhoscomciencia.com\/index.php\/wp-json\/wp\/v2\/media?parent=773"}],"curies":[{"name":"wp","href":"https:\/\/api.w.org\/{rel}","templated":true}]}}