{"id":780,"date":"2024-06-14T08:21:48","date_gmt":"2024-06-14T11:21:48","guid":{"rendered":"https:\/\/caminhoscomciencia.com\/?page_id=780"},"modified":"2024-06-14T08:21:48","modified_gmt":"2024-06-14T11:21:48","slug":"assinatura-eletronica-verificada-instituto-joao-de-barro","status":"publish","type":"page","link":"https:\/\/caminhoscomciencia.com\/index.php\/assinatura-eletronica-verificada-instituto-joao-de-barro\/","title":{"rendered":"ASSINATURA ELETR\u00d4NICA VERIFICADA: INSTITUTO JO\u00c3O DE BARRO"},"content":{"rendered":"\n<p>Documento assinado eletr\u00f4nicamente por: <strong>ALINE BARBOSA DE BARROS CAVALCANTE<\/strong>.<br>*INSTITUI\u00c7\u00d5ES CERTIFICADORAS: <strong>Instituto Jo\u00e3o de Barro \/ Caminhos com Ci\u00eancia<\/strong> <br>*AUTENTICA\u00c7\u00c3O ELETR\u00d4NICA: <strong>JOBA20240614.001AL<\/strong><\/p>\n\n\n\n<p>Assinatura distribu\u00edda em lotes.<\/p>\n","protected":false},"excerpt":{"rendered":"<p>Documento assinado eletr\u00f4nicamente por: ALINE BARBOSA DE BARROS CAVALCANTE.*INSTITUI\u00c7\u00d5ES CERTIFICADORAS: Instituto Jo\u00e3o de Barro \/ Caminhos com Ci\u00eancia *AUTENTICA\u00c7\u00c3O ELETR\u00d4NICA: JOBA20240614.001AL Assinatura distribu\u00edda em lotes.<\/p>\n","protected":false},"author":1,"featured_media":0,"parent":0,"menu_order":0,"comment_status":"closed","ping_status":"closed","template":"","meta":{"footnotes":""},"class_list":["post-780","page","type-page","status-publish","hentry"],"_links":{"self":[{"href":"https:\/\/caminhoscomciencia.com\/index.php\/wp-json\/wp\/v2\/pages\/780","targetHints":{"allow":["GET"]}}],"collection":[{"href":"https:\/\/caminhoscomciencia.com\/index.php\/wp-json\/wp\/v2\/pages"}],"about":[{"href":"https:\/\/caminhoscomciencia.com\/index.php\/wp-json\/wp\/v2\/types\/page"}],"author":[{"embeddable":true,"href":"https:\/\/caminhoscomciencia.com\/index.php\/wp-json\/wp\/v2\/users\/1"}],"replies":[{"embeddable":true,"href":"https:\/\/caminhoscomciencia.com\/index.php\/wp-json\/wp\/v2\/comments?post=780"}],"version-history":[{"count":1,"href":"https:\/\/caminhoscomciencia.com\/index.php\/wp-json\/wp\/v2\/pages\/780\/revisions"}],"predecessor-version":[{"id":782,"href":"https:\/\/caminhoscomciencia.com\/index.php\/wp-json\/wp\/v2\/pages\/780\/revisions\/782"}],"wp:attachment":[{"href":"https:\/\/caminhoscomciencia.com\/index.php\/wp-json\/wp\/v2\/media?parent=780"}],"curies":[{"name":"wp","href":"https:\/\/api.w.org\/{rel}","templated":true}]}}