{"id":785,"date":"2024-09-20T11:49:46","date_gmt":"2024-09-20T14:49:46","guid":{"rendered":"https:\/\/caminhoscomciencia.com\/?page_id=785"},"modified":"2024-09-20T11:49:46","modified_gmt":"2024-09-20T14:49:46","slug":"assinatura-eletronica-verificada-temas-abordados-penedo","status":"publish","type":"page","link":"https:\/\/caminhoscomciencia.com\/index.php\/assinatura-eletronica-verificada-temas-abordados-penedo\/","title":{"rendered":"ASSINATURA ELETR\u00d4NICA VERIFICADA: TEMAS ABORDADOS | PENEDO"},"content":{"rendered":"\n<p>ESTE CERTIFICADO CONTA COM A CARGA HOR\u00c1RIA TOTAL DE: <strong>80 HORAS<\/strong>.<\/p>\n\n\n\n<p>Documento assinado eletr\u00f4nicamente por:<\/p>\n\n\n\n<p><strong>JHONATAN DAVID SANTOS DAS NEVES<\/strong> | Coordenador Cient\u00edfico do Caminhos com Ci\u00eancia<br><strong>LUCIANO BARROS LUCENA<\/strong> | Prefeito do Munic\u00edpio de Penedo-AL<br><strong>LUCIANO BARROS LUCENA<\/strong> | Secret\u00e1rio Municipal de Educa\u00e7\u00e3o de Penedo-AL<\/p>\n\n\n\n<p>*INSTITUI\u00c7\u00c3O CERTIFICADORA: <strong>Caminhos com Ci\u00eancia<\/strong><br>*AUTENTICA\u00c7\u00c3O ELETR\u00d4NICA: <strong>PEN20240920.001AL<\/strong><\/p>\n\n\n\n<p>Assinatura distribu\u00edda em lotes.<\/p>\n","protected":false},"excerpt":{"rendered":"<p>ESTE CERTIFICADO CONTA COM A CARGA HOR\u00c1RIA TOTAL DE: 80 HORAS. Documento assinado eletr\u00f4nicamente por: JHONATAN DAVID SANTOS DAS NEVES | Coordenador Cient\u00edfico do Caminhos com Ci\u00eanciaLUCIANO BARROS LUCENA | Prefeito do Munic\u00edpio de Penedo-ALLUCIANO BARROS LUCENA | Secret\u00e1rio Municipal de Educa\u00e7\u00e3o de Penedo-AL *INSTITUI\u00c7\u00c3O CERTIFICADORA: Caminhos com Ci\u00eancia*AUTENTICA\u00c7\u00c3O ELETR\u00d4NICA: PEN20240920.001AL Assinatura distribu\u00edda em lotes.<\/p>\n","protected":false},"author":1,"featured_media":0,"parent":0,"menu_order":0,"comment_status":"closed","ping_status":"closed","template":"","meta":{"footnotes":""},"class_list":["post-785","page","type-page","status-publish","hentry"],"_links":{"self":[{"href":"https:\/\/caminhoscomciencia.com\/index.php\/wp-json\/wp\/v2\/pages\/785","targetHints":{"allow":["GET"]}}],"collection":[{"href":"https:\/\/caminhoscomciencia.com\/index.php\/wp-json\/wp\/v2\/pages"}],"about":[{"href":"https:\/\/caminhoscomciencia.com\/index.php\/wp-json\/wp\/v2\/types\/page"}],"author":[{"embeddable":true,"href":"https:\/\/caminhoscomciencia.com\/index.php\/wp-json\/wp\/v2\/users\/1"}],"replies":[{"embeddable":true,"href":"https:\/\/caminhoscomciencia.com\/index.php\/wp-json\/wp\/v2\/comments?post=785"}],"version-history":[{"count":1,"href":"https:\/\/caminhoscomciencia.com\/index.php\/wp-json\/wp\/v2\/pages\/785\/revisions"}],"predecessor-version":[{"id":786,"href":"https:\/\/caminhoscomciencia.com\/index.php\/wp-json\/wp\/v2\/pages\/785\/revisions\/786"}],"wp:attachment":[{"href":"https:\/\/caminhoscomciencia.com\/index.php\/wp-json\/wp\/v2\/media?parent=785"}],"curies":[{"name":"wp","href":"https:\/\/api.w.org\/{rel}","templated":true}]}}