{"id":788,"date":"2024-09-24T15:04:10","date_gmt":"2024-09-24T18:04:10","guid":{"rendered":"https:\/\/caminhoscomciencia.com\/?page_id=788"},"modified":"2025-10-22T12:21:21","modified_gmt":"2025-10-22T15:21:21","slug":"assinatura-eletronica-verificada-profa-dra-vera-lucia-pontes-dos-santos","status":"publish","type":"page","link":"https:\/\/caminhoscomciencia.com\/index.php\/assinatura-eletronica-verificada-profa-dra-vera-lucia-pontes-dos-santos\/","title":{"rendered":"ASSINATURA ELETR\u00d4NICA VERIFICADA: PROFA. DRA. VERA LUCIA PONTES DOS SANTOS"},"content":{"rendered":"\n<p>Documento assinado eletr\u00f4nicamente por: <strong>PROFA. DRA. VERA LUCIA PONTES DOS SANTOS<\/strong><br>*INSTITUI\u00c7\u00c3O CERTIFICADORA: <strong>Caminhos com Ci\u00eancia<\/strong><br>*AUTENTICA\u00c7\u00c3O ELETR\u00d4NICA: <\/p>\n\n\n\n<p>LOTE 2024:  <strong>SINPETE20240924.001AL<\/strong><br>LOTE 2025: <strong>SINPETE20251022.001AL<\/strong><\/p>\n\n\n\n<p>Assinatura distribu\u00edda em lotes.<\/p>\n","protected":false},"excerpt":{"rendered":"<p>Documento assinado eletr\u00f4nicamente por: PROFA. DRA. VERA LUCIA PONTES DOS SANTOS*INSTITUI\u00c7\u00c3O CERTIFICADORA: Caminhos com Ci\u00eancia*AUTENTICA\u00c7\u00c3O ELETR\u00d4NICA: LOTE 2024: SINPETE20240924.001ALLOTE 2025: SINPETE20251022.001AL Assinatura distribu\u00edda em lotes.<\/p>\n","protected":false},"author":1,"featured_media":0,"parent":0,"menu_order":0,"comment_status":"closed","ping_status":"closed","template":"","meta":{"footnotes":""},"class_list":["post-788","page","type-page","status-publish","hentry"],"_links":{"self":[{"href":"https:\/\/caminhoscomciencia.com\/index.php\/wp-json\/wp\/v2\/pages\/788","targetHints":{"allow":["GET"]}}],"collection":[{"href":"https:\/\/caminhoscomciencia.com\/index.php\/wp-json\/wp\/v2\/pages"}],"about":[{"href":"https:\/\/caminhoscomciencia.com\/index.php\/wp-json\/wp\/v2\/types\/page"}],"author":[{"embeddable":true,"href":"https:\/\/caminhoscomciencia.com\/index.php\/wp-json\/wp\/v2\/users\/1"}],"replies":[{"embeddable":true,"href":"https:\/\/caminhoscomciencia.com\/index.php\/wp-json\/wp\/v2\/comments?post=788"}],"version-history":[{"count":2,"href":"https:\/\/caminhoscomciencia.com\/index.php\/wp-json\/wp\/v2\/pages\/788\/revisions"}],"predecessor-version":[{"id":832,"href":"https:\/\/caminhoscomciencia.com\/index.php\/wp-json\/wp\/v2\/pages\/788\/revisions\/832"}],"wp:attachment":[{"href":"https:\/\/caminhoscomciencia.com\/index.php\/wp-json\/wp\/v2\/media?parent=788"}],"curies":[{"name":"wp","href":"https:\/\/api.w.org\/{rel}","templated":true}]}}