{"id":824,"date":"2025-04-09T13:49:17","date_gmt":"2025-04-09T16:49:17","guid":{"rendered":"https:\/\/caminhoscomciencia.com\/?page_id=824"},"modified":"2025-04-09T13:49:38","modified_gmt":"2025-04-09T16:49:38","slug":"assinatura-eletronica-verificada-patricia-medeiros-silva-lira","status":"publish","type":"page","link":"https:\/\/caminhoscomciencia.com\/index.php\/assinatura-eletronica-verificada-patricia-medeiros-silva-lira\/","title":{"rendered":"ASSINATURA ELETR\u00d4NICA VERIFICADA: PATR\u00cdCIA MEDEIROS SILVA LIRA"},"content":{"rendered":"\n<p>Documento assinado eletr\u00f4nicamente por: <strong>PATR\u00cdCIA MEDEIROS SILVA LIRA<\/strong>.<br>*INSTITUI\u00c7\u00c3O CERTIFICADORA 01: <strong>Caminhos com Ci\u00eancia<\/strong><br>*INSTITUI\u00c7\u00c3O CERTIFICADORA 02: <strong>Prefeitura Municipal de Educa\u00e7\u00e3o de Feira Grande-AL<\/strong><br>*AUTENTICA\u00c7\u00c3O ELETR\u00d4NICA: <strong>Arquivo assinado em lotes<\/strong>.<\/p>\n\n\n\n<p><\/p>\n","protected":false},"excerpt":{"rendered":"<p>Documento assinado eletr\u00f4nicamente por: PATR\u00cdCIA MEDEIROS SILVA LIRA.*INSTITUI\u00c7\u00c3O CERTIFICADORA 01: Caminhos com Ci\u00eancia*INSTITUI\u00c7\u00c3O CERTIFICADORA 02: Prefeitura Municipal de Educa\u00e7\u00e3o de Feira Grande-AL*AUTENTICA\u00c7\u00c3O ELETR\u00d4NICA: Arquivo assinado em lotes.<\/p>\n","protected":false},"author":1,"featured_media":0,"parent":0,"menu_order":0,"comment_status":"closed","ping_status":"closed","template":"","meta":{"footnotes":""},"class_list":["post-824","page","type-page","status-publish","hentry"],"_links":{"self":[{"href":"https:\/\/caminhoscomciencia.com\/index.php\/wp-json\/wp\/v2\/pages\/824","targetHints":{"allow":["GET"]}}],"collection":[{"href":"https:\/\/caminhoscomciencia.com\/index.php\/wp-json\/wp\/v2\/pages"}],"about":[{"href":"https:\/\/caminhoscomciencia.com\/index.php\/wp-json\/wp\/v2\/types\/page"}],"author":[{"embeddable":true,"href":"https:\/\/caminhoscomciencia.com\/index.php\/wp-json\/wp\/v2\/users\/1"}],"replies":[{"embeddable":true,"href":"https:\/\/caminhoscomciencia.com\/index.php\/wp-json\/wp\/v2\/comments?post=824"}],"version-history":[{"count":2,"href":"https:\/\/caminhoscomciencia.com\/index.php\/wp-json\/wp\/v2\/pages\/824\/revisions"}],"predecessor-version":[{"id":826,"href":"https:\/\/caminhoscomciencia.com\/index.php\/wp-json\/wp\/v2\/pages\/824\/revisions\/826"}],"wp:attachment":[{"href":"https:\/\/caminhoscomciencia.com\/index.php\/wp-json\/wp\/v2\/media?parent=824"}],"curies":[{"name":"wp","href":"https:\/\/api.w.org\/{rel}","templated":true}]}}